{"id":1142,"date":"2022-05-24T10:04:15","date_gmt":"2022-05-24T08:04:15","guid":{"rendered":"https:\/\/konkurs-instytut-biologii.sarp.warszawa.pl\/?page_id=1142"},"modified":"2025-08-18T15:44:42","modified_gmt":"2025-08-18T13:44:42","slug":"aktualnosci","status":"publish","type":"page","link":"http:\/\/konkurs-uw-kampus.sarp.warszawa.pl\/","title":{"rendered":"Aktualno\u015bci"},"content":{"rendered":"\n<div style=\"height:33px\" aria-hidden=\"true\" class=\"wp-block-spacer\"><\/div>\n\n\n\n<hr class=\"wp-block-separator has-alpha-channel-opacity\"\/>\n\n\n\n<div style=\"height:15px\" aria-hidden=\"true\" class=\"wp-block-spacer\"><\/div>\n\n\n\n<p><strong>18.08.2025<\/strong><\/p>\n\n\n\n<p>Opublikowano informacj\u0119 o wynikach rozstrzygni\u0119cia Konkursu.<\/p>\n\n\n\n<p><a href=\"http:\/\/konkurs-uw-kampus.sarp.warszawa.pl\/wp-content\/uploads\/2025\/08\/Info_wyniki_Etap_II_Konkurs_Kampus_UW.pdf\" data-type=\"link\" data-id=\"http:\/\/konkurs-uw-kampus.sarp.warszawa.pl\/wp-content\/uploads\/2025\/08\/Info_wyniki_Etap_II_Konkurs_Kampus_UW.pdf\" target=\"_blank\" rel=\"noreferrer noopener\"><strong>Oficjalna Informacja o wynikach rozstrzygni\u0119cia Konkursu Kampus UW<\/strong><\/a><\/p>\n\n\n\n<hr class=\"wp-block-separator has-alpha-channel-opacity\"\/>\n\n\n\n<p><strong><strong>12.08.2025<\/strong><\/strong><\/p>\n\n\n\n<p>Organizator informuje, i\u017c:<\/p>\n\n\n\n<ul class=\"wp-block-list\">\n<li><span style=\"text-decoration: underline;\">Oficjalne publiczne og\u0142oszenie wynik\u00f3w Konkursu<\/span> odb\u0119dzie si\u0119 dnia <strong>18.08.2025 r. (poniedzia\u0142ek) o godz. 15:00<\/strong> w siedzibie Oddzia\u0142u Warszawskiego SARP, ul. Foksal 2 w Warszawie (parter budynku, sala kominkowa).<\/li>\n<\/ul>\n\n\n\n<ul class=\"wp-block-list\">\n<li><span style=\"text-decoration: underline;\">Wystawa pokonkursowa<\/span> b\u0119dzie dost\u0119pna w siedzibie Oddzia\u0142u Warszawskiego SARP, ul. Foksal 2 w Warszawie (parter budynku, sala kominkowa) w dniach <strong>od 18.08.2025 r. (od godziny 15.00) do 22.08.2025 r.<\/strong> Wystawa b\u0119dzie czynna w godzinach od 9.00 do 16.00.<br>Prace konkursowe b\u0119d\u0105 tak\u017ce prezentowane od dnia 19.08.2025 r.na stronie internetowej Konkursu (https:\/\/konkurs-uw-kampus.sarp.warszawa.pl\/) w zak\u0142adce \u201eWyniki Konkursu\u201d<\/li>\n<\/ul>\n\n\n\n<ul class=\"wp-block-list\">\n<li><span style=\"text-decoration: underline;\">Dyskusja pokonkursowa<\/span> odb\u0119dzie si\u0119 w dniu <strong>21.08.2025 r. (czwartek) o godzinie 14.00<\/strong> w siedzibie Oddzia\u0142u Warszawskiego SARP, ul. Foksal 2 w Warszawie (parter budynku, sala kominkowa).<\/li>\n<\/ul>\n\n\n\n<hr class=\"wp-block-separator has-alpha-channel-opacity\"\/>\n\n\n\n<p><strong><strong>29.07.2025<\/strong><\/strong><\/p>\n\n\n\n<p>Opublikowano wyja\u015bnienia 6 tre\u015bci Regulaminu konkursu (Pytanie 13)<\/p>\n\n\n\n<p><a href=\"http:\/\/konkurs-uw-kampus.sarp.warszawa.pl\/wp-content\/uploads\/2025\/07\/Wyjasnienia-6-tresci-Regualminu-Konkurs-Kampus_UW.pdf\" data-type=\"link\" data-id=\"http:\/\/konkurs-uw-kampus.sarp.warszawa.pl\/wp-content\/uploads\/2025\/07\/Wyjasnienia-6-tresci-Regualminu-Konkurs-Kampus_UW.pdf\" target=\"_blank\" rel=\"noreferrer noopener\"><strong>Wyja\u015bnienia 6 tre\u015bci Regulaminu konkursu<\/strong><\/a><\/p>\n\n\n\n<hr class=\"wp-block-separator has-alpha-channel-opacity\"\/>\n\n\n\n<p><strong><strong>28.07.2025<\/strong><\/strong><\/p>\n\n\n\n<p>Opublikowano wyja\u015bnienia 5 tre\u015bci Regulaminu konkursu (Pytanie 12)<\/p>\n\n\n\n<p><a href=\"http:\/\/konkurs-uw-kampus.sarp.warszawa.pl\/wp-content\/uploads\/2025\/07\/Wyjasnienia-5-tresci-Regualminu-Konkurs-Kampus_UW-1.pdf\" data-type=\"link\" data-id=\"http:\/\/konkurs-uw-kampus.sarp.warszawa.pl\/wp-content\/uploads\/2025\/07\/Wyjasnienia-5-tresci-Regualminu-Konkurs-Kampus_UW-1.pdf\" target=\"_blank\" rel=\"noreferrer noopener\"><strong>Wyja\u015bnienia 5 tre\u015bci Regulaminu konkursu<\/strong><\/a><\/p>\n\n\n\n<hr class=\"wp-block-separator has-alpha-channel-opacity\"\/>\n\n\n\n<p><strong><strong>14.07.2025<\/strong><\/strong><\/p>\n\n\n\n<p>Opublikowano wyja\u015bnienia 4 tre\u015bci Regulaminu konkursu (Pytania 10 do 11)<\/p>\n\n\n\n<p><a href=\"http:\/\/konkurs-uw-kampus.sarp.warszawa.pl\/wp-content\/uploads\/2025\/07\/Wyjasnienia-4-tresci-Regualminu-Konkurs-Kampus_UW.pdf\" data-type=\"link\" data-id=\"http:\/\/konkurs-uw-kampus.sarp.warszawa.pl\/wp-content\/uploads\/2025\/07\/Wyjasnienia-4-tresci-Regualminu-Konkurs-Kampus_UW.pdf\" target=\"_blank\" rel=\"noreferrer noopener\"><strong>Wyja\u015bnienia 4 tre\u015bci Regulaminu konkursu<\/strong><\/a><\/p>\n\n\n\n<hr class=\"wp-block-separator has-alpha-channel-opacity\"\/>\n\n\n\n<p><strong><strong>17.06.2025<\/strong><\/strong><\/p>\n\n\n\n<p><\/p>\n\n\n\n<p>Opublikowano wyja\u015bnienia 3 tre\u015bci Regulaminu konkursu (Pytania 4 do 7)<\/p>\n\n\n\n<p><a href=\"http:\/\/konkurs-uw-kampus.sarp.warszawa.pl\/wp-content\/uploads\/2025\/06\/Wyjasnienia-3-tresci-Regualminu-Konkurs-Kampus_UW.pdf\" data-type=\"link\" data-id=\"http:\/\/konkurs-uw-kampus.sarp.warszawa.pl\/wp-content\/uploads\/2025\/06\/Wyjasnienia-3-tresci-Regualminu-Konkurs-Kampus_UW.pdf\" target=\"_blank\" rel=\"noreferrer noopener\"><strong>Wyja\u015bnienia 3 tre\u015bci Regulaminu konkursu<\/strong><\/a><\/p>\n\n\n\n<hr class=\"wp-block-separator has-alpha-channel-opacity\"\/>\n\n\n\n<p><strong><strong>06.06.2025<\/strong><\/strong><\/p>\n\n\n\n<p>Zamieszono informacj\u0119 o wynikach rozstrzygni\u0119cia Etapu I Konkursu czyli kwalifikacji Uczestnik\u00f3w konkursu do Etapu II Konkursu po przeprowadzonej przez S\u0105d konkursowy ocenie Opracowa\u0144 studialnych.<\/p>\n\n\n\n<p><a href=\"http:\/\/konkurs-uw-kampus.sarp.warszawa.pl\/wp-content\/uploads\/2025\/06\/Info_wyniki_Etap_I_Konkurs_Kampus_UW.pdf\" data-type=\"link\" data-id=\"http:\/\/konkurs-uw-kampus.sarp.warszawa.pl\/wp-content\/uploads\/2025\/06\/Info_wyniki_Etap_I_Konkurs_Kampus_UW.pdf\" target=\"_blank\" rel=\"noreferrer noopener\"><strong>Informacja o wynikach rozstrzygni\u0119cia Etapu I Konkursu<\/strong><\/a><\/p>\n\n\n\n<hr class=\"wp-block-separator has-alpha-channel-opacity\"\/>\n\n\n\n<p><strong><strong>21.05.2025<\/strong><\/strong><\/p>\n\n\n\n<p>Opublikowano wyja\u015bnienia 2 tre\u015bci Regulaminu konkursu (Pytanie 2)<\/p>\n\n\n\n<p><a href=\"http:\/\/konkurs-uw-kampus.sarp.warszawa.pl\/wp-content\/uploads\/2025\/05\/Wyjasnienia-2-tresci-Regualminu-Konkurs-Kampus_UW.pdf\" data-type=\"link\" data-id=\"http:\/\/konkurs-uw-kampus.sarp.warszawa.pl\/wp-content\/uploads\/2025\/05\/Wyjasnienia-2-tresci-Regualminu-Konkurs-Kampus_UW.pdf\" target=\"_blank\" rel=\"noreferrer noopener\"><strong>Wyja\u015bnienia 2 tre\u015bci Regulaminu konkursu<\/strong><\/a><\/p>\n\n\n\n<hr class=\"wp-block-separator has-alpha-channel-opacity\"\/>\n\n\n\n<p><strong><strong>24.04.2025<\/strong><\/strong><\/p>\n\n\n\n<p>Opublikowano wyja\u015bnienia 1 tre\u015bci Regulaminu konkursu (Pytanie 1)<\/p>\n\n\n\n<p><a href=\"http:\/\/konkurs-uw-kampus.sarp.warszawa.pl\/wp-content\/uploads\/2025\/04\/Wyjasnienia-1-tresci-Regualminu-Konkurs-Kampus_UW.pdf\" data-type=\"link\" data-id=\"http:\/\/konkurs-uw-kampus.sarp.warszawa.pl\/wp-content\/uploads\/2025\/04\/Wyjasnienia-1-tresci-Regualminu-Konkurs-Kampus_UW.pdf\" target=\"_blank\" rel=\"noreferrer noopener\"><strong>Wyja\u015bnienia 1 tre\u015bci Regulaminu konkursu<\/strong><\/a><\/p>\n\n\n\n<hr class=\"wp-block-separator has-alpha-channel-opacity\"\/>\n\n\n\n<p><strong><strong>23.04.2025<\/strong><\/strong><\/p>\n\n\n\n<p>Og\u0142oszenie o konkursie zosta\u0142o opublikowane w Dzienniku Urz\u0119dowym Unii Europejskiej.<\/p>\n\n\n\n<p><a href=\"http:\/\/konkurs-uw-kampus.sarp.warszawa.pl\/wp-content\/uploads\/2025\/04\/DUUE_Publikacja_ogloszenia_Konkurs_UW.pdf\" data-type=\"link\" data-id=\"http:\/\/konkurs-uw-kampus.sarp.warszawa.pl\/wp-content\/uploads\/2025\/04\/DUUE_Publikacja_ogloszenia_Konkurs_UW.pdf\" target=\"_blank\" rel=\"noreferrer noopener\"><strong>Og\u0142oszenie o Konkursie opublikowane w DUUE<\/strong><\/a><\/p>\n\n\n\n<hr class=\"wp-block-separator has-alpha-channel-opacity\"\/>\n\n\n\n<p><strong><strong>22.04.2025<\/strong><\/strong><\/p>\n\n\n\n<p>Og\u0142oszenie o konkursie zosta\u0142o przekazane do publikacji w Dzienniku Urz\u0119dowym Unii Europejskiej.<\/p>\n\n\n\n<hr class=\"wp-block-separator has-alpha-channel-opacity\"\/>\n\n\n\n<p><\/p>\n","protected":false},"excerpt":{"rendered":"<p>18.08.2025 Opublikowano informacj\u0119 o wynikach rozstrzygni\u0119cia Konkursu. Oficjalna Informacja o wynikach rozstrzygni\u0119cia Konkursu Kampus UW 12.08.2025 Organizator informuje, i\u017c: 29.07.2025 Opublikowano wyja\u015bnienia 6 tre\u015bci Regulaminu konkursu (Pytanie 13) Wyja\u015bnienia 6 tre\u015bci Regulaminu konkursu 28.07.2025 Opublikowano wyja\u015bnienia 5 tre\u015bci Regulaminu konkursu<span class=\"ellipsis\">&hellip;<\/span><\/p>\n<div class=\"read-more\"><a href=\"http:\/\/konkurs-uw-kampus.sarp.warszawa.pl\/\">Czytaj wi\u0119cej <span class=\"screen-reader-text\">Aktualno\u015bci<\/span><span class=\"meta-nav\"> &#8250;<\/span><\/a><\/div>\n<p><!-- end of .read-more --><\/p>\n","protected":false},"author":1,"featured_media":0,"parent":0,"menu_order":0,"comment_status":"closed","ping_status":"closed","template":"","meta":{"footnotes":""},"class_list":["post-1142","page","type-page","status-publish","hentry"],"_links":{"self":[{"href":"http:\/\/konkurs-uw-kampus.sarp.warszawa.pl\/index.php?rest_route=\/wp\/v2\/pages\/1142","targetHints":{"allow":["GET"]}}],"collection":[{"href":"http:\/\/konkurs-uw-kampus.sarp.warszawa.pl\/index.php?rest_route=\/wp\/v2\/pages"}],"about":[{"href":"http:\/\/konkurs-uw-kampus.sarp.warszawa.pl\/index.php?rest_route=\/wp\/v2\/types\/page"}],"author":[{"embeddable":true,"href":"http:\/\/konkurs-uw-kampus.sarp.warszawa.pl\/index.php?rest_route=\/wp\/v2\/users\/1"}],"replies":[{"embeddable":true,"href":"http:\/\/konkurs-uw-kampus.sarp.warszawa.pl\/index.php?rest_route=%2Fwp%2Fv2%2Fcomments&post=1142"}],"version-history":[{"count":16,"href":"http:\/\/konkurs-uw-kampus.sarp.warszawa.pl\/index.php?rest_route=\/wp\/v2\/pages\/1142\/revisions"}],"predecessor-version":[{"id":2121,"href":"http:\/\/konkurs-uw-kampus.sarp.warszawa.pl\/index.php?rest_route=\/wp\/v2\/pages\/1142\/revisions\/2121"}],"wp:attachment":[{"href":"http:\/\/konkurs-uw-kampus.sarp.warszawa.pl\/index.php?rest_route=%2Fwp%2Fv2%2Fmedia&parent=1142"}],"curies":[{"name":"wp","href":"https:\/\/api.w.org\/{rel}","templated":true}]}}